{"id":7,"date":"2015-01-27T11:54:04","date_gmt":"2015-01-27T11:54:04","guid":{"rendered":"https:\/\/avada.theme-fusion.com_demos\/travel\/?page_id=7"},"modified":"2021-07-06T09:22:36","modified_gmt":"2021-07-06T09:22:36","slug":"home-2","status":"publish","type":"page","link":"https:\/\/museodellecuriosita.sm\/de\/","title":{"rendered":"Home Museo"},"content":{"rendered":"<p><div class=\"fusion-fullwidth fullwidth-box fusion-builder-row-1 fusion-flex-container nonhundred-percent-fullwidth non-hundred-percent-height-scrolling\" style=\"--awb-border-radius-top-left:0px;--awb-border-radius-top-right:0px;--awb-border-radius-bottom-right:0px;--awb-border-radius-bottom-left:0px;--awb-flex-wrap:wrap;\" ><div class=\"fusion-builder-row fusion-row fusion-flex-align-items-flex-start fusion-flex-content-wrap\" style=\"max-width:1216.8px;margin-left: calc(-4% \/ 2 );margin-right: calc(-4% \/ 2 );\"><div class=\"fusion-layout-column fusion_builder_column fusion-builder-column-0 fusion_builder_column_1_1 1_1 fusion-flex-column\" style=\"--awb-bg-size:cover;--awb-width-large:100%;--awb-margin-top-large:0px;--awb-spacing-right-large:1.92%;--awb-margin-bottom-large:20px;--awb-spacing-left-large:1.92%;--awb-width-medium:100%;--awb-order-medium:0;--awb-spacing-right-medium:1.92%;--awb-spacing-left-medium:1.92%;--awb-width-small:100%;--awb-order-small:0;--awb-spacing-right-small:1.92%;--awb-spacing-left-small:1.92%;\"><div class=\"fusion-column-wrapper fusion-column-has-shadow fusion-flex-justify-content-flex-start fusion-content-layout-column\"><\/div><\/div><\/div><\/div><div class=\"fusion-fullwidth fullwidth-box fusion-builder-row-2 fusion-flex-container nonhundred-percent-fullwidth non-hundred-percent-height-scrolling\" style=\"--awb-border-radius-top-left:0px;--awb-border-radius-top-right:0px;--awb-border-radius-bottom-right:0px;--awb-border-radius-bottom-left:0px;--awb-flex-wrap:wrap;\" ><div class=\"fusion-builder-row fusion-row fusion-flex-align-items-stretch fusion-flex-content-wrap\" style=\"max-width:1216.8px;margin-left: calc(-4% \/ 2 );margin-right: calc(-4% \/ 2 );\"><div class=\"fusion-layout-column fusion_builder_column fusion-builder-column-1 fusion_builder_column_1_2 1_2 fusion-flex-column\" style=\"--awb-bg-size:cover;--awb-width-large:50%;--awb-margin-top-large:0px;--awb-spacing-right-large:3.84%;--awb-margin-bottom-large:20px;--awb-spacing-left-large:3.84%;--awb-width-medium:100%;--awb-order-medium:0;--awb-spacing-right-medium:1.92%;--awb-spacing-left-medium:1.92%;--awb-width-small:100%;--awb-order-small:0;--awb-spacing-right-small:1.92%;--awb-spacing-left-small:1.92%;\"><div class=\"fusion-column-wrapper fusion-column-has-shadow fusion-flex-justify-content-flex-start fusion-content-layout-column\"><div class=\"fusion-image-element \" style=\"--awb-caption-title-font-family:var(--h2_typography-font-family);--awb-caption-title-font-weight:var(--h2_typography-font-weight);--awb-caption-title-font-style:var(--h2_typography-font-style);--awb-caption-title-size:var(--h2_typography-font-size);--awb-caption-title-transform:var(--h2_typography-text-transform);--awb-caption-title-line-height:var(--h2_typography-line-height);--awb-caption-title-letter-spacing:var(--h2_typography-letter-spacing);\"><span class=\" fusion-imageframe imageframe-none imageframe-1 hover-type-none\"><img decoding=\"async\" width=\"1811\" height=\"2560\" title=\"ingresso2C\" src=\"https:\/\/museodellecuriosita.sm\/wp-content\/uploads\/2021\/07\/ingresso2C-1-scaled.jpg\" alt class=\"img-responsive wp-image-1688\" srcset=\"https:\/\/museodellecuriosita.sm\/wp-content\/uploads\/2021\/07\/ingresso2C-1-200x283.jpg 200w, https:\/\/museodellecuriosita.sm\/wp-content\/uploads\/2021\/07\/ingresso2C-1-400x565.jpg 400w, https:\/\/museodellecuriosita.sm\/wp-content\/uploads\/2021\/07\/ingresso2C-1-600x848.jpg 600w, https:\/\/museodellecuriosita.sm\/wp-content\/uploads\/2021\/07\/ingresso2C-1-800x1131.jpg 800w, https:\/\/museodellecuriosita.sm\/wp-content\/uploads\/2021\/07\/ingresso2C-1-1200x1696.jpg 1200w, https:\/\/museodellecuriosita.sm\/wp-content\/uploads\/2021\/07\/ingresso2C-1-scaled.jpg 1811w\" sizes=\"(max-width: 1024px) 100vw, (max-width: 640px) 100vw, 600px\" \/><\/span><\/div><\/div><\/div><div class=\"fusion-layout-column fusion_builder_column fusion-builder-column-2 fusion_builder_column_1_2 1_2 fusion-flex-column\" style=\"--awb-bg-size:cover;--awb-width-large:50%;--awb-margin-top-large:0px;--awb-spacing-right-large:3.84%;--awb-margin-bottom-large:20px;--awb-spacing-left-large:3.84%;--awb-width-medium:100%;--awb-order-medium:0;--awb-spacing-right-medium:1.92%;--awb-spacing-left-medium:1.92%;--awb-width-small:100%;--awb-order-small:0;--awb-spacing-right-small:1.92%;--awb-spacing-left-small:1.92%;\"><div class=\"fusion-column-wrapper fusion-column-has-shadow fusion-flex-justify-content-flex-start fusion-content-layout-column\"><div class=\"fusion-text fusion-text-1\"><h1>Ein Kuriosit\u00e4tenmuseum?<\/h1>\n<h1>Sehr seltsam \u2013 aber alles ist wahr!<\/h1>\n<\/div><div class=\"fusion-separator fusion-full-width-sep\" style=\"align-self: center;margin-left: auto;margin-right: auto;margin-top:30px;width:100%;\"><\/div><div class=\"fusion-text fusion-text-2\"><h3><em><span style=\"font-weight: 400;\">\u201cNeugier ist das als ein Reiz auftretende Verlangen, Neues zu erfahren.\u201d<\/span><\/em><\/h3>\n<h3><span style=\"font-weight: 400;\"><strong>Neugier, spa\u00df und phantasie<\/strong> sind die Essenz des Lebens und aus dieser \u00dcberzeugung entstand unser Museum vor vielen Jahren; eine Sammlung von Objekten, Ereignissen und Personen \u2013 alle bereit, Ihre Neugierde zu wecken und Sie durch ihre Geschichte bei Ihrem Rundgang mitzurei\u00dfen. Bei uns bleibt niemand gleichg\u00fcltig.<\/span><\/h3>\n<h3><span style=\"font-weight: 400;\">Kuriosit\u00e4ten in all seinen vielf\u00e4ltigsten Facetten zu zeigen ist genau der rote Faden unseres <strong>Museums<\/strong>.<\/span><\/h3>\n<h3><span style=\"font-weight: 400;\">Eine wundervolle Reise zwischen bizarren Figuren und seltsamen Objekten die aus allen Teilen der Welt f\u00fcr Sie zusammengetragen wurden.<\/span><\/h3>\n<\/div><\/div><\/div><\/div><\/div><div class=\"fusion-fullwidth fullwidth-box fusion-builder-row-3 fusion-flex-container nonhundred-percent-fullwidth non-hundred-percent-height-scrolling\" style=\"--awb-background-position:left top;--awb-border-sizes-top:0px;--awb-border-sizes-bottom:0px;--awb-border-sizes-left:0px;--awb-border-sizes-right:0px;--awb-border-radius-top-left:0px;--awb-border-radius-top-right:0px;--awb-border-radius-bottom-right:0px;--awb-border-radius-bottom-left:0px;--awb-padding-top:30px;--awb-padding-bottom:10px;--awb-margin-top:0px;--awb-margin-bottom:0px;--awb-background-color:#f0f0ed;--awb-flex-wrap:wrap;\" ><div class=\"fusion-builder-row fusion-row fusion-flex-align-items-flex-start fusion-flex-content-wrap\" style=\"max-width:1216.8px;margin-left: calc(-4% \/ 2 );margin-right: calc(-4% \/ 2 );\"><div class=\"fusion-layout-column fusion_builder_column fusion-builder-column-3 fusion_builder_column_1_6 1_6 fusion-flex-column fusion-no-small-visibility fusion-no-medium-visibility\" style=\"--awb-bg-size:cover;--awb-width-large:16.666666666667%;--awb-margin-top-large:0px;--awb-spacing-right-large:11.52%;--awb-margin-bottom-large:20px;--awb-spacing-left-large:11.52%;--awb-width-medium:100%;--awb-order-medium:0;--awb-spacing-right-medium:1.92%;--awb-spacing-left-medium:1.92%;--awb-width-small:100%;--awb-order-small:0;--awb-spacing-right-small:1.92%;--awb-spacing-left-small:1.92%;\"><div class=\"fusion-column-wrapper fusion-column-has-shadow fusion-flex-justify-content-flex-start fusion-content-layout-column\"><\/div><\/div><div class=\"fusion-layout-column fusion_builder_column fusion-builder-column-4 fusion_builder_column_1_6 1_6 fusion-flex-column fusion-no-small-visibility fusion-no-medium-visibility\" style=\"--awb-bg-size:cover;--awb-width-large:16.666666666667%;--awb-margin-top-large:0px;--awb-spacing-right-large:11.52%;--awb-margin-bottom-large:20px;--awb-spacing-left-large:11.52%;--awb-width-medium:100%;--awb-spacing-right-medium:1.92%;--awb-spacing-left-medium:1.92%;--awb-width-small:100%;--awb-spacing-right-small:1.92%;--awb-spacing-left-small:1.92%;\"><div class=\"fusion-column-wrapper fusion-flex-justify-content-flex-start fusion-content-layout-column\"><\/div><\/div><div class=\"fusion-layout-column fusion_builder_column fusion-builder-column-5 fusion_builder_column_1_1 1_1 fusion-flex-column fusion-flex-align-self-center fusion-column-no-min-height\" style=\"--awb-padding-top:0px;--awb-padding-right:0px;--awb-padding-bottom:0px;--awb-padding-left:0px;--awb-bg-color:#f41000;--awb-bg-color-hover:#f41000;--awb-bg-size:cover;--awb-width-large:100%;--awb-margin-top-large:0px;--awb-spacing-right-large:1.92%;--awb-margin-bottom-large:0px;--awb-spacing-left-large:1.92%;--awb-width-medium:100%;--awb-order-medium:0;--awb-spacing-right-medium:1.92%;--awb-spacing-left-medium:1.92%;--awb-width-small:100%;--awb-order-small:0;--awb-spacing-right-small:1.92%;--awb-spacing-left-small:1.92%;\"><div class=\"fusion-column-wrapper fusion-column-has-shadow fusion-flex-justify-content-center fusion-content-layout-column\"><div class=\"fusion-image-carousel fusion-image-carousel-fixed fusion-image-carousel-1 lightbox-enabled fusion-carousel-border\"><div class=\"awb-carousel awb-swiper awb-swiper-carousel awb-swiper-dots-position-bottom awb-carousel--carousel\" data-layout=\"carousel\" data-autoplay=\"yes\" data-autoplayspeed=\"3500\" data-autoplaypause=\"no\" data-columns=\"4\" data-itemmargin=\"30\" data-itemwidth=\"180\" data-touchscroll=\"no\" data-freemode=\"no\" data-imagesize=\"fixed\" data-centeredslides=\"no\" data-rotationangle=\"50\" data-depth=\"100\" data-speed=\"500\" data-shadow=\"no\" style=\"--awb-columns:4;--awb-column-spacing:30px;\"><div class=\"swiper-wrapper awb-image-carousel-wrapper fusion-flex-align-items-center\"><div class=\"swiper-slide\"><div class=\"fusion-carousel-item-wrapper\"><div class=\"fusion-image-wrapper hover-type-zoomin\"><a data-rel=\"iLightbox[image_carousel_1]\" data-title=\"IMG_9733\" aria-label=\"IMG_9733\" href=\"https:\/\/museodellecuriosita.sm\/wp-content\/uploads\/2021\/02\/IMG_9733-1-scaled.jpg\" target=\"_self\"><img decoding=\"async\" width=\"320\" height=\"202\" src=\"https:\/\/museodellecuriosita.sm\/wp-content\/uploads\/2021\/02\/IMG_9733-1-320x202.jpg\" class=\"attachment-blog-medium size-blog-medium\" alt=\"\" \/><\/a><\/div><\/div><\/div><div class=\"swiper-slide\"><div class=\"fusion-carousel-item-wrapper\"><div class=\"fusion-image-wrapper hover-type-zoomin\"><a data-rel=\"iLightbox[image_carousel_1]\" data-title=\"IMG_6443A\" aria-label=\"IMG_6443A\" href=\"https:\/\/museodellecuriosita.sm\/wp-content\/uploads\/2021\/02\/IMG_6443A-1-scaled.jpg\" target=\"_self\"><img decoding=\"async\" width=\"320\" height=\"202\" src=\"https:\/\/museodellecuriosita.sm\/wp-content\/uploads\/2021\/02\/IMG_6443A-1-320x202.jpg\" class=\"attachment-blog-medium size-blog-medium\" alt=\"\" \/><\/a><\/div><\/div><\/div><div class=\"swiper-slide\"><div class=\"fusion-carousel-item-wrapper\"><div class=\"fusion-image-wrapper hover-type-zoomin\"><a data-rel=\"iLightbox[image_carousel_1]\" data-title=\"IMG-20210127-WA0004-768x1024_1\" aria-label=\"IMG-20210127-WA0004-768x1024_1\" href=\"https:\/\/museodellecuriosita.sm\/wp-content\/uploads\/2021\/02\/IMG-20210127-WA0004-768x1024_1.jpg\" target=\"_self\"><img decoding=\"async\" width=\"320\" height=\"202\" src=\"https:\/\/museodellecuriosita.sm\/wp-content\/uploads\/2021\/02\/IMG-20210127-WA0004-768x1024_1-320x202.jpg\" class=\"attachment-blog-medium size-blog-medium\" alt=\"\" \/><\/a><\/div><\/div><\/div><div class=\"swiper-slide\"><div class=\"fusion-carousel-item-wrapper\"><div class=\"fusion-image-wrapper hover-type-zoomin\"><a data-rel=\"iLightbox[image_carousel_1]\" data-title=\"IMG_9732C\" aria-label=\"IMG_9732C\" href=\"https:\/\/museodellecuriosita.sm\/wp-content\/uploads\/2021\/02\/IMG_9732C.jpg\" target=\"_self\"><img decoding=\"async\" width=\"320\" height=\"202\" src=\"https:\/\/museodellecuriosita.sm\/wp-content\/uploads\/2021\/02\/IMG_9732C-320x202.jpg\" class=\"attachment-blog-medium size-blog-medium\" alt=\"\" \/><\/a><\/div><\/div><\/div><div class=\"swiper-slide\"><div class=\"fusion-carousel-item-wrapper\"><div class=\"fusion-image-wrapper hover-type-zoomin\"><a data-rel=\"iLightbox[image_carousel_1]\" data-title=\"IMG_6452A\" aria-label=\"IMG_6452A\" href=\"https:\/\/museodellecuriosita.sm\/wp-content\/uploads\/2021\/02\/IMG_6452A-scaled.jpg\" target=\"_self\"><img decoding=\"async\" width=\"320\" height=\"202\" src=\"https:\/\/museodellecuriosita.sm\/wp-content\/uploads\/2021\/02\/IMG_6452A-320x202.jpg\" class=\"attachment-blog-medium size-blog-medium\" alt=\"\" \/><\/a><\/div><\/div><\/div><div class=\"swiper-slide\"><div class=\"fusion-carousel-item-wrapper\"><div class=\"fusion-image-wrapper hover-type-zoomin\"><a data-rel=\"iLightbox[image_carousel_1]\" data-title=\"IMG_9749B\" aria-label=\"IMG_9749B\" href=\"https:\/\/museodellecuriosita.sm\/wp-content\/uploads\/2021\/02\/IMG_9749B-scaled.jpg\" target=\"_self\"><img decoding=\"async\" width=\"320\" height=\"202\" src=\"https:\/\/museodellecuriosita.sm\/wp-content\/uploads\/2021\/02\/IMG_9749B-320x202.jpg\" class=\"attachment-blog-medium size-blog-medium\" alt=\"\" \/><\/a><\/div><\/div><\/div><div class=\"swiper-slide\"><div class=\"fusion-carousel-item-wrapper\"><div class=\"fusion-image-wrapper hover-type-zoomin\"><a data-rel=\"iLightbox[image_carousel_1]\" data-title=\"IMG_6447A\" aria-label=\"IMG_6447A\" href=\"https:\/\/museodellecuriosita.sm\/wp-content\/uploads\/2021\/02\/IMG_6447A-scaled.jpg\" target=\"_self\"><img decoding=\"async\" width=\"320\" height=\"202\" src=\"https:\/\/museodellecuriosita.sm\/wp-content\/uploads\/2021\/02\/IMG_6447A-320x202.jpg\" class=\"attachment-blog-medium size-blog-medium\" alt=\"\" \/><\/a><\/div><\/div><\/div><div class=\"swiper-slide\"><div class=\"fusion-carousel-item-wrapper\"><div class=\"fusion-image-wrapper hover-type-zoomin\"><a data-rel=\"iLightbox[image_carousel_1]\" data-title=\"IMG_9751A-1024x688_1\" aria-label=\"IMG_9751A-1024x688_1\" href=\"https:\/\/museodellecuriosita.sm\/wp-content\/uploads\/2021\/02\/IMG_9751A-1024x688_1.jpg\" target=\"_self\"><img decoding=\"async\" width=\"320\" height=\"202\" src=\"https:\/\/museodellecuriosita.sm\/wp-content\/uploads\/2021\/02\/IMG_9751A-1024x688_1-320x202.jpg\" class=\"attachment-blog-medium size-blog-medium\" alt=\"\" \/><\/a><\/div><\/div><\/div><\/div><div class=\"awb-swiper-button awb-swiper-button-prev\"><i class=\"awb-icon-angle-left\" aria-hidden=\"true\"><\/i><\/div><div class=\"awb-swiper-button awb-swiper-button-next\"><i class=\"awb-icon-angle-right\" aria-hidden=\"true\"><\/i><\/div><\/div><\/div><\/div><\/div><\/div><\/div><div class=\"fusion-fullwidth fullwidth-box fusion-builder-row-4 fusion-flex-container nonhundred-percent-fullwidth non-hundred-percent-height-scrolling\" style=\"--awb-background-position:left top;--awb-border-sizes-top:0px;--awb-border-sizes-bottom:0px;--awb-border-sizes-left:0px;--awb-border-sizes-right:0px;--awb-border-radius-top-left:0px;--awb-border-radius-top-right:0px;--awb-border-radius-bottom-right:0px;--awb-border-radius-bottom-left:0px;--awb-padding-top:30px;--awb-padding-bottom:30px;--awb-flex-wrap:wrap;\" ><div class=\"fusion-builder-row fusion-row fusion-flex-align-items-flex-start fusion-flex-content-wrap\" style=\"max-width:calc( 1170px + 0px );margin-left: calc(-0px \/ 2 );margin-right: calc(-0px \/ 2 );\"><div class=\"fusion-layout-column fusion_builder_column fusion-builder-column-6 fusion_builder_column_1_1 1_1 fusion-flex-column fusion-flex-align-self-flex-start fusion-column-no-min-height\" style=\"--awb-padding-top:0px;--awb-padding-right:0px;--awb-padding-bottom:0px;--awb-padding-left:0px;--awb-bg-size:cover;--awb-width-large:100%;--awb-margin-top-large:0px;--awb-spacing-right-large:0px;--awb-margin-bottom-large:0px;--awb-spacing-left-large:0px;--awb-width-medium:100%;--awb-order-medium:0;--awb-spacing-right-medium:0px;--awb-spacing-left-medium:0px;--awb-width-small:100%;--awb-order-small:0;--awb-spacing-right-small:0px;--awb-spacing-left-small:0px;\"><div class=\"fusion-column-wrapper fusion-column-has-shadow fusion-flex-justify-content-flex-start fusion-content-layout-column\"><div style=\"text-align:center;\"><a class=\"fusion-button button-3d button-xlarge button-default fusion-button-default button-1 fusion-button-default-span \" style=\"--button_margin-top:0px;--button_margin-right:0px;--button_margin-bottom:0px;--button_margin-left:0px;\" target=\"_self\" href=\"https:\/\/museodellecuriosita.sm\/il-museo\/\"><span class=\"fusion-button-text awb-button__text awb-button__text--default\"> <span style=\"font-weight: 400;\">Sind sie neugierig geworden?<\/span> <\/span><\/a><\/div><\/div><\/div><\/div><\/div><div class=\"fusion-fullwidth fullwidth-box fusion-builder-row-5 fusion-flex-container nonhundred-percent-fullwidth non-hundred-percent-height-scrolling\" style=\"--awb-background-position:left top;--awb-border-sizes-top:0px;--awb-border-sizes-bottom:0px;--awb-border-sizes-left:0px;--awb-border-sizes-right:0px;--awb-border-radius-top-left:0px;--awb-border-radius-top-right:0px;--awb-border-radius-bottom-right:0px;--awb-border-radius-bottom-left:0px;--awb-padding-top:30px;--awb-padding-bottom:30px;--awb-flex-wrap:wrap;\" ><div class=\"fusion-builder-row fusion-row fusion-flex-align-items-flex-start fusion-flex-content-wrap\" style=\"max-width:calc( 1170px + 0px );margin-left: calc(-0px \/ 2 );margin-right: calc(-0px \/ 2 );\"><div class=\"fusion-layout-column fusion_builder_column fusion-builder-column-7 fusion_builder_column_1_1 1_1 fusion-flex-column fusion-flex-align-self-flex-start fusion-column-no-min-height\" style=\"--awb-padding-top:0px;--awb-padding-right:0px;--awb-padding-bottom:0px;--awb-padding-left:0px;--awb-bg-size:cover;--awb-width-large:100%;--awb-margin-top-large:0px;--awb-spacing-right-large:0px;--awb-margin-bottom-large:0px;--awb-spacing-left-large:0px;--awb-width-medium:100%;--awb-order-medium:0;--awb-spacing-right-medium:0px;--awb-spacing-left-medium:0px;--awb-width-small:100%;--awb-order-small:0;--awb-spacing-right-small:0px;--awb-spacing-left-small:0px;\"><div class=\"fusion-column-wrapper fusion-column-has-shadow fusion-flex-justify-content-flex-start fusion-content-layout-column\"><div class=\"fusion-title title fusion-title-1 fusion-title-center fusion-title-text fusion-title-size-two\" style=\"--awb-font-size:54px;\"><div class=\"title-sep-container title-sep-container-left\"><div class=\"title-sep sep- sep-solid\" style=\"border-color:#e0dede;\"><\/div><\/div><span class=\"awb-title-spacer\"><\/span><h2 class=\"fusion-title-heading title-heading-center fusion-responsive-typography-calculated\" style=\"margin:0;font-size:1em;--fontSize:54;line-height:2;\"><p style=\"text-align: center;\"><span style=\"font-weight: 400;\">ES LOHNT SICH &#8211; UND DAS BEHAUPTEN NICHT NUR WIR\u2026<\/span><\/p><\/h2><span class=\"awb-title-spacer\"><\/span><div class=\"title-sep-container title-sep-container-right\"><div class=\"title-sep sep- sep-solid\" style=\"border-color:#e0dede;\"><\/div><\/div><\/div><\/div><\/div><\/div><\/div><div class=\"fusion-fullwidth fullwidth-box fusion-builder-row-6 fusion-flex-container fusion-parallax-none nonhundred-percent-fullwidth non-hundred-percent-height-scrolling\" style=\"--awb-border-sizes-top:0;--awb-border-sizes-bottom:0;--awb-border-sizes-left:0;--awb-border-sizes-right:0;--awb-border-radius-top-left:0px;--awb-border-radius-top-right:0px;--awb-border-radius-bottom-right:0px;--awb-border-radius-bottom-left:0px;--awb-padding-top:300px;--awb-padding-bottom:300px;--awb-background-image:url(&quot;https:\/\/museodellecuriosita.sm\/wp-content\/uploads\/2021\/07\/arcotagliato3312-scaled.jpg&quot;);--awb-background-size:cover;--awb-flex-wrap:wrap;\" ><div class=\"fusion-builder-row fusion-row fusion-flex-align-items-flex-start fusion-flex-content-wrap\" style=\"max-width:1216.8px;margin-left: calc(-4% \/ 2 );margin-right: calc(-4% \/ 2 );\"><div class=\"fusion-layout-column fusion_builder_column fusion-builder-column-8 fusion_builder_column_1_1 1_1 fusion-flex-column\" style=\"--awb-bg-size:cover;--awb-width-large:100%;--awb-margin-top-large:0px;--awb-spacing-right-large:1.92%;--awb-margin-bottom-large:20px;--awb-spacing-left-large:1.92%;--awb-width-medium:100%;--awb-order-medium:0;--awb-spacing-right-medium:1.92%;--awb-spacing-left-medium:1.92%;--awb-width-small:100%;--awb-order-small:0;--awb-spacing-right-small:1.92%;--awb-spacing-left-small:1.92%;\"><div class=\"fusion-column-wrapper fusion-column-has-shadow fusion-flex-justify-content-flex-start fusion-content-layout-column\"><div class=\"fusion-testimonials clean awb-speech-bubble-show fusion-testimonials-1\" style=\"--awb-textcolor:#ffffff;--awb-backgroundcolor:rgba(255,255,255,0);--awb-testimonial-border-style:solid;--awb-testimonial-border-color:var(--awb-color3);--awb-border-top-left-radius:0px;--awb-border-top-right-radius:0px;--awb-border-bottom-left-radius:0px;--awb-border-bottom-right-radius:0px;--testimonial-border-width-top:0px;--testimonial-border-width-right:0px;--testimonial-border-width-bottom:0px;--testimonial-border-width-left:0px;\" data-random=\"0\" data-speed=\"12000\"><div class=\"reviews\"><div class=\"review active-testimonial avatar-above avatar-image\"><div class=\"testimonial-thumbnail\"><img decoding=\"async\" class=\"testimonial-image\" src=\"https:\/\/museodellecuriosita.sm\/wp-content\/uploads\/2021\/02\/LOGO_3.png\" width=\"169\" height=\"176\" \/><\/div><blockquote class=\"has-transparent-color\"><div class=\"awb-quote\"><div class=\"awb-quote-content\"> <span style=\"color: #ffffff;\">&#8222;Un piccolo museo disposto su 3 piani, ricco di notizie interessanti.<\/span> <span style=\"color: #ffffff;\">\u00c8 piaciuto a grandi e piccini.&#8220;<\/span> <\/div><\/div><\/blockquote><div class=\"author\"><span class=\"company-name\"><strong>Marcello<\/strong><\/span><\/div><\/div><div class=\"review avatar-above avatar-image\"><div class=\"testimonial-thumbnail\"><img decoding=\"async\" class=\"testimonial-image\" src=\"https:\/\/museodellecuriosita.sm\/wp-content\/uploads\/2021\/02\/LOGO_3.png\" width=\"169\" height=\"176\" style=\"--awb-border-radius:50%;\" \/><\/div><blockquote class=\"has-transparent-color\"><div class=\"awb-quote\"><div class=\"awb-quote-content\"> &#8222;Consigliatissimo veramente come sosta, divertente durante il cammino verso l&#8217;alto della citt\u00e0.&#8220; <\/div><\/div><\/blockquote><div class=\"author\"><span class=\"company-name\"><strong>Alessandro<\/strong><\/span><\/div><\/div><div class=\"review avatar-above avatar-image\"><div class=\"testimonial-thumbnail\"><img decoding=\"async\" class=\"testimonial-image\" src=\"https:\/\/museodellecuriosita.sm\/wp-content\/uploads\/2021\/02\/LOGO_3.png\" width=\"169\" height=\"176\" style=\"--awb-border-radius:50%;\" \/><\/div><blockquote class=\"has-transparent-color\"><div class=\"awb-quote\"><div class=\"awb-quote-content\"> &#8222;Lontanissimo dal classico Museo noioso! Tante curiosit\u00e0 e stranezze disposte su tre piani! Curiosit\u00e0 divertenti e anche istruttive.&#8220; <\/div><\/div><\/blockquote><div class=\"author\"><span class=\"company-name\"><strong>Maria<\/strong><\/span><\/div><\/div><div class=\"review avatar-above avatar-image\"><div class=\"testimonial-thumbnail\"><img decoding=\"async\" class=\"testimonial-image\" src=\"https:\/\/museodellecuriosita.sm\/wp-content\/uploads\/2021\/02\/LOGO_3.png\" width=\"169\" height=\"176\" style=\"--awb-border-radius:50%;\" \/><\/div><blockquote class=\"has-transparent-color\"><div class=\"awb-quote\"><div class=\"awb-quote-content\"> &#8222;Il Museo parla di alcuni record stabiliti dall&#8217;uomo e di alcune curiose invenzioni. La visita \u00e8 simpatica, si imparano delle cose e si sorride allo stesso tempo!&#8220; <\/div><\/div><\/blockquote><div class=\"author\"><span class=\"company-name\"><strong>Rita<\/strong><\/span><\/div><\/div><div class=\"review avatar-above avatar-image\"><div class=\"testimonial-thumbnail\"><img decoding=\"async\" class=\"testimonial-image\" src=\"https:\/\/museodellecuriosita.sm\/wp-content\/uploads\/2021\/02\/LOGO_3.png\" width=\"169\" height=\"176\" style=\"--awb-border-radius:50%;\" \/><\/div><blockquote class=\"has-transparent-color\"><div class=\"awb-quote\"><div class=\"awb-quote-content\"> &#8222;Museo ricco di curiosit\u00e0, ben fatto ed interessante. Consigliato per chi passa da San Marino.&#8220; <\/div><\/div><\/blockquote><div class=\"author\"><span class=\"company-name\"><strong>Andrea<\/strong><\/span><\/div><\/div><\/div><\/div><\/div><\/div><\/div><\/div><\/p>\n","protected":false},"excerpt":{"rendered":"<p>Ein Kuriosit\u00e4tenmuseum? Sehr seltsam \u2013 aber alles ist wahr! \u201cNeugier ist das als ein Reiz auftretende Verlangen, Neues zu erfahren.\u201d Neugier, spa\u00df und phantasie sind die Essenz des Lebens und aus dieser \u00dcberzeugung entstand unser Museum vor vielen Jahren; eine Sammlung von Objekten, Ereignissen und Personen \u2013 alle bereit, Ihre Neugierde zu wecken und Sie durch ihre Geschichte bei Ihrem Rundgang mitzurei\u00dfen. Bei uns bleibt niemand gleichg\u00fcltig. Kuriosit\u00e4ten in all seinen vielf\u00e4ltigsten Facetten zu zeigen ist genau der rote Faden unseres Museums. Eine wundervolle Reise zwischen bizarren Figuren und seltsamen Objekten die aus allen Teilen der Welt f\u00fcr Sie zusammengetragen  [&#8230;]<\/p>\n","protected":false},"author":2,"featured_media":0,"parent":0,"menu_order":0,"comment_status":"closed","ping_status":"open","template":"100-width.php","meta":{"footnotes":""},"class_list":["post-7","page","type-page","status-publish","hentry"],"_links":{"self":[{"href":"https:\/\/museodellecuriosita.sm\/de\/wp-json\/wp\/v2\/pages\/7","targetHints":{"allow":["GET"]}}],"collection":[{"href":"https:\/\/museodellecuriosita.sm\/de\/wp-json\/wp\/v2\/pages"}],"about":[{"href":"https:\/\/museodellecuriosita.sm\/de\/wp-json\/wp\/v2\/types\/page"}],"author":[{"embeddable":true,"href":"https:\/\/museodellecuriosita.sm\/de\/wp-json\/wp\/v2\/users\/2"}],"replies":[{"embeddable":true,"href":"https:\/\/museodellecuriosita.sm\/de\/wp-json\/wp\/v2\/comments?post=7"}],"version-history":[{"count":158,"href":"https:\/\/museodellecuriosita.sm\/de\/wp-json\/wp\/v2\/pages\/7\/revisions"}],"predecessor-version":[{"id":1698,"href":"https:\/\/museodellecuriosita.sm\/de\/wp-json\/wp\/v2\/pages\/7\/revisions\/1698"}],"wp:attachment":[{"href":"https:\/\/museodellecuriosita.sm\/de\/wp-json\/wp\/v2\/media?parent=7"}],"curies":[{"name":"wp","href":"https:\/\/api.w.org\/{rel}","templated":true}]}}