{"id":1418,"date":"2021-02-16T16:42:17","date_gmt":"2021-02-16T16:42:17","guid":{"rendered":"https:\/\/museodellecuriosita.sm\/?page_id=1418"},"modified":"2021-10-28T10:22:28","modified_gmt":"2021-10-28T10:22:28","slug":"dove-siamo","status":"publish","type":"page","link":"https:\/\/museodellecuriosita.sm\/fr\/dove-siamo\/","title":{"rendered":"Dove siamo"},"content":{"rendered":"<div class=\"fusion-fullwidth fullwidth-box fusion-builder-row-1 fusion-flex-container nonhundred-percent-fullwidth non-hundred-percent-height-scrolling\" style=\"--awb-border-radius-top-left:0px;--awb-border-radius-top-right:0px;--awb-border-radius-bottom-right:0px;--awb-border-radius-bottom-left:0px;--awb-flex-wrap:wrap;\" ><div class=\"fusion-builder-row fusion-row fusion-flex-align-items-flex-start fusion-flex-content-wrap\" style=\"max-width:1216.8px;margin-left: calc(-4% \/ 2 );margin-right: calc(-4% \/ 2 );\"><div class=\"fusion-layout-column fusion_builder_column fusion-builder-column-0 fusion_builder_column_1_4 1_4 fusion-flex-column\" style=\"--awb-bg-size:cover;--awb-width-large:25%;--awb-margin-top-large:0px;--awb-spacing-right-large:7.68%;--awb-margin-bottom-large:20px;--awb-spacing-left-large:7.68%;--awb-width-medium:100%;--awb-order-medium:0;--awb-spacing-right-medium:1.92%;--awb-spacing-left-medium:1.92%;--awb-width-small:100%;--awb-order-small:0;--awb-spacing-right-small:1.92%;--awb-spacing-left-small:1.92%;\"><div class=\"fusion-column-wrapper fusion-column-has-shadow fusion-flex-justify-content-flex-start fusion-content-layout-column\"><div class=\"fusion-widget fusion-widget-element fusion-widget-area fusion-content-widget-area wpWidget-1 cbxgooglemap_widget\" style=\"--awb-fusion-border-size:0px;--awb-fusion-border-style:solid;\"><\/div><\/div><\/div><div class=\"fusion-layout-column fusion_builder_column fusion-builder-column-1 fusion_builder_column_1_4 1_4 fusion-flex-column\" style=\"--awb-bg-size:cover;--awb-width-large:25%;--awb-margin-top-large:0px;--awb-spacing-right-large:7.68%;--awb-margin-bottom-large:20px;--awb-spacing-left-large:7.68%;--awb-width-medium:100%;--awb-order-medium:0;--awb-spacing-right-medium:1.92%;--awb-spacing-left-medium:1.92%;--awb-width-small:100%;--awb-order-small:0;--awb-spacing-right-small:1.92%;--awb-spacing-left-small:1.92%;\"><div class=\"fusion-column-wrapper fusion-column-has-shadow fusion-flex-justify-content-flex-start fusion-content-layout-column\"><\/div><\/div><div class=\"fusion-layout-column fusion_builder_column fusion-builder-column-2 fusion_builder_column_1_4 1_4 fusion-flex-column\" style=\"--awb-bg-size:cover;--awb-width-large:25%;--awb-margin-top-large:0px;--awb-spacing-right-large:7.68%;--awb-margin-bottom-large:20px;--awb-spacing-left-large:7.68%;--awb-width-medium:100%;--awb-order-medium:0;--awb-spacing-right-medium:1.92%;--awb-spacing-left-medium:1.92%;--awb-width-small:100%;--awb-order-small:0;--awb-spacing-right-small:1.92%;--awb-spacing-left-small:1.92%;\"><div class=\"fusion-column-wrapper fusion-column-has-shadow fusion-flex-justify-content-flex-start fusion-content-layout-column\"><\/div><\/div><div class=\"fusion-layout-column fusion_builder_column fusion-builder-column-3 fusion_builder_column_1_4 1_4 fusion-flex-column\" style=\"--awb-bg-size:cover;--awb-width-large:25%;--awb-margin-top-large:0px;--awb-spacing-right-large:7.68%;--awb-margin-bottom-large:20px;--awb-spacing-left-large:7.68%;--awb-width-medium:100%;--awb-order-medium:0;--awb-spacing-right-medium:1.92%;--awb-spacing-left-medium:1.92%;--awb-width-small:100%;--awb-order-small:0;--awb-spacing-right-small:1.92%;--awb-spacing-left-small:1.92%;\"><div class=\"fusion-column-wrapper fusion-column-has-shadow fusion-flex-justify-content-flex-start fusion-content-layout-column\"><div class=\"fusion-text fusion-text-1\"><p><strong>MUSEO DELLE CURIOSIT\u00c0\u00a0 &#8211;\u00a0 LE MUS\u00c9E DES CURIOSIT\u00c9S<\/strong><\/p>\n<div style=\"text-align: left;\">Via Salita alla Rocca, 26<\/div>\n<div style=\"text-align: left;\">47890 Citt\u00e0 di San Marino<\/div>\n<div>Repubblica di San Marino<\/div>\n<div>\u00a0<\/div>\n<p style=\"text-align: left;\">Tel. + 378 0549 992437\u00a0 Mail : <a href=\"mailto:info@museodellecuriosita.sm\">info@museodellecuriosita.sm<\/a><\/p>\n<p style=\"text-align: left;\"><span style=\"font-weight: 400;\">Parking recommand\u00e9\u00a0:<\/span><\/p>\n<div class=\"cXedhc\">\n<div class=\"dbg0pd\" style=\"text-align: left;\" role=\"heading\" aria-level=\"3\">\n<div><a href=\"http:\/\/www.livein.sm\/it\/parcheggi\/p6-cava-antica\/\" target=\"_blank\" rel=\"noopener\"><strong>Aire de stationnement\u00a0 6 San Marino 6 <\/strong><\/a><\/div>\n<\/div>\n<div style=\"text-align: left;\">Passo delle Streghe, 6<\/div>\n<div style=\"text-align: left;\">47890 Citt\u00e0 di San Marino<\/div>\n<div style=\"text-align: left;\">\u00a0<\/div>\n<div style=\"text-align: left;\">\u00a0<\/div>\n<div>\n<div class=\"cXedhc\">\n<div class=\"dbg0pd\" style=\"text-align: left;\" role=\"heading\" aria-level=\"3\">\n<div><a href=\"http:\/\/www.livein.sm\/it\/parcheggi\/p7-cava-degli-umbri\/\" target=\"_blank\" rel=\"noopener\"><strong>Aire de stationnement 7 San Marino <\/strong><\/a><\/div>\n<\/div>\n<div style=\"text-align: left;\">Ouvert\u00a0 h 24<\/div>\n<\/div>\n<\/div>\n<\/div>\n<\/div><\/div><\/div><div class=\"fusion-layout-column fusion_builder_column fusion-builder-column-4 fusion_builder_column_1_4 1_4 fusion-flex-column\" style=\"--awb-bg-color:#fcfcfc;--awb-bg-color-hover:#fcfcfc;--awb-bg-size:cover;--awb-box-shadow: 0px 0px ;;--awb-width-large:25%;--awb-margin-top-large:0px;--awb-spacing-right-large:7.68%;--awb-margin-bottom-large:20px;--awb-spacing-left-large:7.68%;--awb-width-medium:100%;--awb-order-medium:0;--awb-spacing-right-medium:1.92%;--awb-spacing-left-medium:1.92%;--awb-width-small:100%;--awb-order-small:0;--awb-spacing-right-small:1.92%;--awb-spacing-left-small:1.92%;\"><div class=\"fusion-column-wrapper fusion-column-has-shadow fusion-flex-justify-content-flex-start fusion-content-layout-column\"><div class=\"fusion-text fusion-text-2\"><pre>\u00a0<\/pre>\n<p><a href=\"https:\/\/www.google.com\/maps\/dir\/Stazione+Rimini,+Rimini,+RN,+Italia\/Museo+delle+Curiosit%C3%A0,+Salita+Alla+Rocca,+26,+47890+Citt%C3%A0+di+San+Marino,+San+Marino\/@43.9968804,12.4420709,12z\/data=!3m1!4b1!4m14!4m13!1m5!1m1!1s0x132cc39e3616b18b:0xba6600cf8dd166eb!2m2!1d12.5738107!2d44.0639836!1m5!1m1!1s0x132cecafe45dc3fb:0x2a8003a26ba5645e!2m2!1d12.4486!2d43.935107!3e0\" target=\"_blank\" rel=\"noopener\">\u00a0 \u00a0<img decoding=\"async\" class=\"wp-image-1526 alignnone\" src=\"https:\/\/museodellecuriosita.sm\/wp-content\/uploads\/2021\/03\/logo_ubicacion.png\" alt=\"\" width=\"27\" height=\"27\" srcset=\"https:\/\/museodellecuriosita.sm\/wp-content\/uploads\/2021\/03\/logo_ubicacion-66x66.png 66w, https:\/\/museodellecuriosita.sm\/wp-content\/uploads\/2021\/03\/logo_ubicacion-150x150.png 150w, https:\/\/museodellecuriosita.sm\/wp-content\/uploads\/2021\/03\/logo_ubicacion-200x201.png 200w, https:\/\/museodellecuriosita.sm\/wp-content\/uploads\/2021\/03\/logo_ubicacion.png 207w\" sizes=\"(max-width: 27px) 100vw, 27px\" \/>\u00a0 \u00a0<strong>GARE DE RIMINI<\/strong><\/a>\u00a0<\/p>\n<\/div><\/div><\/div><div class=\"fusion-layout-column fusion_builder_column fusion-builder-column-5 fusion_builder_column_1_4 1_4 fusion-flex-column\" style=\"--awb-bg-color:#fcfcfc;--awb-bg-color-hover:#fcfcfc;--awb-bg-size:cover;--awb-box-shadow: 0px 0px ;;--awb-width-large:25%;--awb-margin-top-large:0px;--awb-spacing-right-large:7.68%;--awb-margin-bottom-large:20px;--awb-spacing-left-large:7.68%;--awb-width-medium:100%;--awb-order-medium:0;--awb-spacing-right-medium:1.92%;--awb-spacing-left-medium:1.92%;--awb-width-small:100%;--awb-order-small:0;--awb-spacing-right-small:1.92%;--awb-spacing-left-small:1.92%;\"><div class=\"fusion-column-wrapper fusion-column-has-shadow fusion-flex-justify-content-flex-start fusion-content-layout-column\"><div class=\"fusion-text fusion-text-3\"><pre>\u00a0<\/pre>\n<p><a href=\"https:\/\/www.google.com\/maps\/dir\/Casello+A14+Rimini+Sud,+A14+Autostrada+Adriatica,+Rimini,+RN,+Italia\/Museo+delle+Curiosit%C3%A0,+Salita+Alla+Rocca,+26,+47890+Citt%C3%A0+di+San+Marino,+San+Marino\/@43.9823665,12.439228,12z\/data=!3m1!4b1!4m14!4m13!1m5!1m1!1s0x132cc2508b277d59:0xcecf3a79c2a8aed6!2m2!1d12.5661664!2d44.035903!1m5!1m1!1s0x132cecafe45dc3fb:0x2a8003a26ba5645e!2m2!1d12.4486!2d43.935107!3e0\" target=\"_blank\" rel=\"noopener\">\u00a0 \u00a0<img decoding=\"async\" class=\"wp-image-1526 alignnone\" src=\"https:\/\/museodellecuriosita.sm\/wp-content\/uploads\/2021\/03\/logo_ubicacion.png\" alt=\"\" width=\"27\" height=\"27\" srcset=\"https:\/\/museodellecuriosita.sm\/wp-content\/uploads\/2021\/03\/logo_ubicacion-66x66.png 66w, https:\/\/museodellecuriosita.sm\/wp-content\/uploads\/2021\/03\/logo_ubicacion-150x150.png 150w, https:\/\/museodellecuriosita.sm\/wp-content\/uploads\/2021\/03\/logo_ubicacion-200x201.png 200w, https:\/\/museodellecuriosita.sm\/wp-content\/uploads\/2021\/03\/logo_ubicacion.png 207w\" sizes=\"(max-width: 27px) 100vw, 27px\" \/>\u00a0 \u00a0<strong>AUTOROUTE RIMINI SUD<\/strong><\/a> <\/p>\n<\/div><\/div><\/div><div class=\"fusion-layout-column fusion_builder_column fusion-builder-column-6 fusion_builder_column_1_4 1_4 fusion-flex-column\" style=\"--awb-bg-color:#fcfcfc;--awb-bg-color-hover:#fcfcfc;--awb-bg-size:cover;--awb-box-shadow: 0px 0px ;;--awb-width-large:25%;--awb-margin-top-large:0px;--awb-spacing-right-large:7.68%;--awb-margin-bottom-large:20px;--awb-spacing-left-large:7.68%;--awb-width-medium:100%;--awb-order-medium:0;--awb-spacing-right-medium:1.92%;--awb-spacing-left-medium:1.92%;--awb-width-small:100%;--awb-order-small:0;--awb-spacing-right-small:1.92%;--awb-spacing-left-small:1.92%;\"><div class=\"fusion-column-wrapper fusion-column-has-shadow fusion-flex-justify-content-flex-start fusion-content-layout-column\"><div class=\"fusion-text fusion-text-4\"><pre>\u00a0<\/pre>\n<p><a href=\"https:\/\/www.google.com\/maps\/dir\/Museo+delle+Curiosit%C3%A0,+Salita+Alla+Rocca,+26,+47890+Citt%C3%A0+di+San+Marino\/Casello+A14+Riccione,+A14+-+Autostrada+Adriatica,+Riccione,+RN,+Italia\/@43.9784241,12.4733628,12z\/data=!3m1!4b1!4m14!4m13!1m5!1m1!1s0x132cecafe45dc3fb:0x2a8003a26ba5645e!2m2!1d12.4486!2d43.935107!1m5!1m1!1s0x132ce7ed962b5f99:0x150dc45c96b3dfbe!2m2!1d12.6411128!2d43.9877132!3e0\" target=\"_blank\" rel=\"noopener\">\u00a0 \u00a0 <img decoding=\"async\" class=\"wp-image-1526 alignnone\" src=\"https:\/\/museodellecuriosita.sm\/wp-content\/uploads\/2021\/03\/logo_ubicacion.png\" alt=\"\" width=\"27\" height=\"27\" srcset=\"https:\/\/museodellecuriosita.sm\/wp-content\/uploads\/2021\/03\/logo_ubicacion-66x66.png 66w, https:\/\/museodellecuriosita.sm\/wp-content\/uploads\/2021\/03\/logo_ubicacion-150x150.png 150w, https:\/\/museodellecuriosita.sm\/wp-content\/uploads\/2021\/03\/logo_ubicacion-200x201.png 200w, https:\/\/museodellecuriosita.sm\/wp-content\/uploads\/2021\/03\/logo_ubicacion.png 207w\" sizes=\"(max-width: 27px) 100vw, 27px\" \/>\u00a0 \u00a0<strong>AUTOROUTE RICCIONE<\/strong><\/a> <\/p>\n<\/div><\/div><\/div><div class=\"fusion-layout-column fusion_builder_column fusion-builder-column-7 fusion_builder_column_1_4 1_4 fusion-flex-column\" style=\"--awb-bg-color:#fcfcfc;--awb-bg-color-hover:#fcfcfc;--awb-bg-size:cover;--awb-box-shadow: 0px 0px ;;--awb-width-large:25%;--awb-margin-top-large:0px;--awb-spacing-right-large:7.68%;--awb-margin-bottom-large:20px;--awb-spacing-left-large:7.68%;--awb-width-medium:100%;--awb-order-medium:0;--awb-spacing-right-medium:1.92%;--awb-spacing-left-medium:1.92%;--awb-width-small:100%;--awb-order-small:0;--awb-spacing-right-small:1.92%;--awb-spacing-left-small:1.92%;\"><div class=\"fusion-column-wrapper fusion-column-has-shadow fusion-flex-justify-content-flex-start fusion-content-layout-column\"><div class=\"fusion-text fusion-text-5\"><pre>\u00a0<\/pre>\n<p><a href=\"https:\/\/www.google.com\/maps\/dir\/Museo+delle+Curiosit%C3%A0,+Salita+Alla+Rocca,+26,+47890+Citt%C3%A0+di+San+Marino\/Aeroporto+di+Bologna,+Via+del+Triumvirato,+Bologna,+BO,+Italia\/@44.2317246,11.3683625,9z\/data=!3m1!4b1!4m14!4m13!1m5!1m1!1s0x132cecafe45dc3fb:0x2a8003a26ba5645e!2m2!1d12.4486!2d43.935107!1m5!1m1!1s0x477fd3fac047a1cb:0x5653430165f8d67b!2m2!1d11.2878593!2d44.5345216!3e0\" target=\"_blank\" rel=\"noopener\"><strong>\u00a0 \u00a0 <img decoding=\"async\" class=\"wp-image-1526 alignnone\" src=\"https:\/\/museodellecuriosita.sm\/wp-content\/uploads\/2021\/03\/logo_ubicacion.png\" alt=\"\" width=\"27\" height=\"27\" srcset=\"https:\/\/museodellecuriosita.sm\/wp-content\/uploads\/2021\/03\/logo_ubicacion-66x66.png 66w, https:\/\/museodellecuriosita.sm\/wp-content\/uploads\/2021\/03\/logo_ubicacion-150x150.png 150w, https:\/\/museodellecuriosita.sm\/wp-content\/uploads\/2021\/03\/logo_ubicacion-200x201.png 200w, https:\/\/museodellecuriosita.sm\/wp-content\/uploads\/2021\/03\/logo_ubicacion.png 207w\" sizes=\"(max-width: 27px) 100vw, 27px\" \/>\u00a0 \u00a0A\u00c9ROPORT BOLOGNE<\/strong><\/a>\u00a0<\/p>\n<\/div><\/div><\/div><\/div><\/div>\n","protected":false},"excerpt":{"rendered":"<p>MUSEO DELLE CURIOSIT\u00c0\u00a0 &#8211;\u00a0 LE MUS\u00c9E DES CURIOSIT\u00c9S Via Salita alla Rocca, 26 47890 Citt\u00e0 di San Marino Repubblica di San Marino \u00a0 Tel. + 378 0549 992437\u00a0 Mail : info@museodellecuriosita.sm Parking recommand\u00e9\u00a0: Aire de stationnement\u00a0 6 San Marino 6 Passo delle Streghe, 6 47890 Citt\u00e0 di San Marino \u00a0 \u00a0 Aire de stationnement 7 San Marino Ouvert\u00a0 h 24 \u00a0 \u00a0 \u00a0\u00a0 \u00a0GARE DE RIMINI\u00a0 \u00a0 \u00a0 \u00a0\u00a0 \u00a0AUTOROUTE RIMINI SUD \u00a0 \u00a0 \u00a0 \u00a0 \u00a0AUTOROUTE RICCIONE \u00a0 \u00a0 \u00a0 \u00a0 \u00a0A\u00c9ROPORT BOLOGNE\u00a0<\/p>\n","protected":false},"author":1,"featured_media":0,"parent":0,"menu_order":0,"comment_status":"closed","ping_status":"closed","template":"","meta":{"footnotes":""},"class_list":["post-1418","page","type-page","status-publish","hentry"],"_links":{"self":[{"href":"https:\/\/museodellecuriosita.sm\/fr\/wp-json\/wp\/v2\/pages\/1418","targetHints":{"allow":["GET"]}}],"collection":[{"href":"https:\/\/museodellecuriosita.sm\/fr\/wp-json\/wp\/v2\/pages"}],"about":[{"href":"https:\/\/museodellecuriosita.sm\/fr\/wp-json\/wp\/v2\/types\/page"}],"author":[{"embeddable":true,"href":"https:\/\/museodellecuriosita.sm\/fr\/wp-json\/wp\/v2\/users\/1"}],"replies":[{"embeddable":true,"href":"https:\/\/museodellecuriosita.sm\/fr\/wp-json\/wp\/v2\/comments?post=1418"}],"version-history":[{"count":74,"href":"https:\/\/museodellecuriosita.sm\/fr\/wp-json\/wp\/v2\/pages\/1418\/revisions"}],"predecessor-version":[{"id":1746,"href":"https:\/\/museodellecuriosita.sm\/fr\/wp-json\/wp\/v2\/pages\/1418\/revisions\/1746"}],"wp:attachment":[{"href":"https:\/\/museodellecuriosita.sm\/fr\/wp-json\/wp\/v2\/media?parent=1418"}],"curies":[{"name":"wp","href":"https:\/\/api.w.org\/{rel}","templated":true}]}}