{"id":837,"date":"2015-01-27T11:54:55","date_gmt":"2015-01-27T11:54:55","guid":{"rendered":"https:\/\/avada.theme-fusion.com_demos\/travel\/?page_id=13"},"modified":"2025-04-28T13:09:49","modified_gmt":"2025-04-28T13:09:49","slug":"museo-tariffe","status":"publish","type":"page","link":"https:\/\/museodellecuriosita.sm\/fr\/museo-tariffe\/","title":{"rendered":"Museo Tariffe"},"content":{"rendered":"<p><div class=\"fusion-fullwidth fullwidth-box fusion-builder-row-1 fusion-flex-container nonhundred-percent-fullwidth non-hundred-percent-height-scrolling\" style=\"--awb-border-radius-top-left:0px;--awb-border-radius-top-right:0px;--awb-border-radius-bottom-right:0px;--awb-border-radius-bottom-left:0px;--awb-padding-top:30px;--awb-padding-bottom:30px;--awb-flex-wrap:wrap;\" ><div class=\"fusion-builder-row fusion-row fusion-flex-align-items-flex-start fusion-flex-content-wrap\" style=\"max-width:1216.8px;margin-left: calc(-4% \/ 2 );margin-right: calc(-4% \/ 2 );\"><div class=\"fusion-layout-column fusion_builder_column fusion-builder-column-0 fusion_builder_column_1_1 1_1 fusion-flex-column\" style=\"--awb-bg-size:cover;--awb-width-large:100%;--awb-margin-top-large:0px;--awb-spacing-right-large:1.92%;--awb-margin-bottom-large:20px;--awb-spacing-left-large:1.92%;--awb-width-medium:100%;--awb-order-medium:0;--awb-spacing-right-medium:1.92%;--awb-spacing-left-medium:1.92%;--awb-width-small:100%;--awb-order-small:0;--awb-spacing-right-small:1.92%;--awb-spacing-left-small:1.92%;\"><div class=\"fusion-column-wrapper fusion-column-has-shadow fusion-flex-justify-content-flex-start fusion-content-layout-column\"><div class=\"fusion-separator fusion-full-width-sep\" style=\"align-self: center;margin-left: auto;margin-right: auto;margin-top:30px;width:100%;\"><\/div><div class=\"fusion-text fusion-text-1\"><h2>&nbsp;<\/h2>\n<h2 style=\"text-align: center;\"><span style=\"font-weight: 400;\">L&rsquo; exposition permanente du Mus\u00e9e des curiosit\u00e9s s&rsquo; \u00e9tend sur une surface de 600 <\/span><\/h2>\n<h2 style=\"text-align: center;\"><span style=\"font-weight: 400;\">m\u00e8tres carr\u00e9s, <\/span><span style=\"font-weight: 400;\">sur trois \u00e9tages, et elle se trouve \u00e0 l&rsquo;int\u00e9rieur d&rsquo;un ancien b\u00e2timent<\/span><\/h2>\n<h2 style=\"text-align: center;\"><span style=\"font-weight: 400;\">dans le centre <\/span>historique de Saint-Marin. Les personnages sont r\u00e9alis\u00e9s \u00e0 <span style=\"font-weight: 400;\">l&rsquo;\u00e9chelle <\/span><\/h2>\n<h2 style=\"text-align: center;\"><span style=\"font-weight: 400;\">r\u00e9elle et les objets, toutes des pi\u00e8ces uniques <\/span><span style=\"font-weight: 400;\">originales et <\/span><span style=\"font-weight: 400;\">souvent authentiques, <\/span><\/h2>\n<h2 style=\"text-align: center;\"><span style=\"font-weight: 400;\">repr\u00e9sentent <\/span><span style=\"font-weight: 400;\">une \u00e9volution des usages et <\/span><span style=\"font-weight: 400;\">des coutumes dans les diff\u00e9rentes <\/span><\/h2>\n<h2 style=\"text-align: center;\"><span style=\"font-weight: 400;\">soci\u00e9t\u00e9s au cours des <\/span><span style=\"font-weight: 400;\">\u00e9poques historiques. <\/span>Le Mus\u00e9e a \u00e9t\u00e9 cr\u00e9\u00e9 pour<\/h2>\n<h2 style=\"text-align: center;\">satisfaire la curiosit\u00e9 de tout le monde, <span style=\"font-weight: 400;\">il convient <\/span><span style=\"font-weight: 400;\">aussi bien<\/span><\/h2>\n<h2 style=\"text-align: center;\"><span style=\"font-weight: 400;\">aux adultes qu&rsquo;aux enfants et <\/span><span style=\"font-weight: 400;\">aux jeunes <\/span><span style=\"font-weight: 400;\">adolescents.<\/span><\/h2>\n<h2 style=\"text-align: center;\"><span style=\"font-weight: 400;\">Ce mus\u00e9e <\/span><span style=\"font-weight: 400;\">est&nbsp; <\/span><span style=\"font-weight: 400;\">capable <\/span><span style=\"font-weight: 400;\">de transformer <\/span><span style=\"font-weight: 400;\">un&nbsp; <\/span><span style=\"font-weight: 400;\">visiteur<\/span><\/h2>\n<h2 style=\"text-align: center;\"><span style=\"font-weight: 400;\">occasionnel en un visiteur averti.<\/span><\/h2>\n<h2 style=\"text-align: center;\"><span style=\"font-weight: 400;\"> Stimuler l&rsquo;imagination avec <\/span><\/h2>\n<h2 style=\"text-align: center;\"><span style=\"font-weight: 400;\">intelligence, voil\u00e0 <\/span><\/h2>\n<h2 style=\"text-align: center;\"><span style=\"font-weight: 400;\">notre objectif.<\/span><\/h2>\n<h2 style=\"text-align: center;\">&nbsp;<\/h2>\n<h2 style=\"text-align: center;\">&nbsp;<\/h2>\n<\/div><\/div><\/div><div class=\"fusion-layout-column fusion_builder_column fusion-builder-column-1 fusion_builder_column_1_6 1_6 fusion-flex-column\" style=\"--awb-bg-size:cover;--awb-width-large:16.666666666667%;--awb-margin-top-large:0px;--awb-spacing-right-large:11.52%;--awb-margin-bottom-large:20px;--awb-spacing-left-large:11.52%;--awb-width-medium:100%;--awb-order-medium:0;--awb-spacing-right-medium:1.92%;--awb-spacing-left-medium:1.92%;--awb-width-small:100%;--awb-order-small:0;--awb-spacing-right-small:1.92%;--awb-spacing-left-small:1.92%;\"><div class=\"fusion-column-wrapper fusion-column-has-shadow fusion-flex-justify-content-flex-start fusion-content-layout-column\"><\/div><\/div><\/div><\/div><div class=\"fusion-fullwidth fullwidth-box fusion-builder-row-2 fusion-flex-container nonhundred-percent-fullwidth non-hundred-percent-height-scrolling\" style=\"--awb-border-radius-top-left:0px;--awb-border-radius-top-right:0px;--awb-border-radius-bottom-right:0px;--awb-border-radius-bottom-left:0px;--awb-flex-wrap:wrap;\" ><div class=\"fusion-builder-row fusion-row fusion-flex-align-items-flex-start fusion-flex-content-wrap\" style=\"max-width:1216.8px;margin-left: calc(-4% \/ 2 );margin-right: calc(-4% \/ 2 );\"><div class=\"fusion-layout-column fusion_builder_column fusion-builder-column-2 fusion_builder_column_1_1 1_1 fusion-flex-column\" style=\"--awb-bg-size:cover;--awb-width-large:100%;--awb-margin-top-large:0px;--awb-spacing-right-large:1.92%;--awb-margin-bottom-large:20px;--awb-spacing-left-large:1.92%;--awb-width-medium:100%;--awb-order-medium:0;--awb-spacing-right-medium:1.92%;--awb-spacing-left-medium:1.92%;--awb-width-small:100%;--awb-order-small:0;--awb-spacing-right-small:1.92%;--awb-spacing-left-small:1.92%;\"><div class=\"fusion-column-wrapper fusion-column-has-shadow fusion-flex-justify-content-flex-start fusion-content-layout-column\"><div class=\"fusion-separator fusion-full-width-sep\" style=\"align-self: center;margin-left: auto;margin-right: auto;width:100%;\"><\/div><\/div><\/div><div class=\"fusion-layout-column fusion_builder_column fusion-builder-column-3 fusion_builder_column_1_3 1_3 fusion-flex-column fusion-flex-align-self-stretch\" style=\"--awb-bg-color:rgba(255,255,255,0.6);--awb-bg-color-hover:rgba(255,255,255,0.6);--awb-bg-size:cover;--awb-width-large:33.333333333333%;--awb-margin-top-large:0px;--awb-spacing-right-large:5.76%;--awb-margin-bottom-large:20px;--awb-spacing-left-large:5.76%;--awb-width-medium:100%;--awb-order-medium:0;--awb-spacing-right-medium:1.92%;--awb-spacing-left-medium:1.92%;--awb-width-small:100%;--awb-order-small:0;--awb-spacing-right-small:1.92%;--awb-spacing-left-small:1.92%;\"><div class=\"fusion-column-wrapper fusion-column-has-shadow fusion-flex-justify-content-flex-start fusion-content-layout-column\"><div class=\"fusion-text fusion-text-2\"><h2><strong>&nbsp; &nbsp; &nbsp;<\/strong><\/h2>\n<h2 style=\"text-align: center;\"><strong>TARIF&nbsp; <\/strong><strong>ADULTES<\/strong><\/h2>\n<h2 style=\"text-align: center;\"><strong>\u20ac 9,00<\/strong><\/h2>\n<h2 style=\"text-align: center;\">&nbsp;<\/h2>\n<\/div><\/div><\/div><div class=\"fusion-layout-column fusion_builder_column fusion-builder-column-4 fusion_builder_column_1_3 1_3 fusion-flex-column fusion-flex-align-self-stretch\" style=\"--awb-bg-color:rgba(255,255,255,0.6);--awb-bg-color-hover:rgba(255,255,255,0.6);--awb-bg-size:cover;--awb-width-large:33.333333333333%;--awb-margin-top-large:0px;--awb-spacing-right-large:5.76%;--awb-margin-bottom-large:20px;--awb-spacing-left-large:5.76%;--awb-width-medium:100%;--awb-order-medium:0;--awb-spacing-right-medium:1.92%;--awb-spacing-left-medium:1.92%;--awb-width-small:100%;--awb-order-small:0;--awb-spacing-right-small:1.92%;--awb-spacing-left-small:1.92%;\"><div class=\"fusion-column-wrapper fusion-column-has-shadow fusion-flex-justify-content-flex-start fusion-content-layout-column\"><div class=\"fusion-text fusion-text-3\"><h2><strong>&nbsp; &nbsp; <\/strong><\/h2>\n<h2 style=\"text-align: center;\"><strong>&nbsp; &nbsp; &nbsp;TARIF R\u00c9DUIT<\/strong><span style=\"color: #ffffff;\">&#8212;&#8211;<\/span><\/h2>\n<h2 style=\"text-align: center;\"><strong>\u20ac 6,00<\/strong><\/h2>\n<h2 style=\"text-align: center;\">&nbsp;<\/h2>\n<\/div><\/div><\/div><div class=\"fusion-layout-column fusion_builder_column fusion-builder-column-5 fusion_builder_column_1_3 1_3 fusion-flex-column fusion-flex-align-self-stretch\" style=\"--awb-bg-color:rgba(255,255,255,0.6);--awb-bg-color-hover:rgba(255,255,255,0.6);--awb-bg-size:cover;--awb-width-large:33.333333333333%;--awb-margin-top-large:0px;--awb-spacing-right-large:5.76%;--awb-margin-bottom-large:20px;--awb-spacing-left-large:5.76%;--awb-width-medium:100%;--awb-order-medium:0;--awb-spacing-right-medium:1.92%;--awb-spacing-left-medium:1.92%;--awb-width-small:100%;--awb-order-small:0;--awb-spacing-right-small:1.92%;--awb-spacing-left-small:1.92%;\"><div class=\"fusion-column-wrapper fusion-column-has-shadow fusion-flex-justify-content-flex-start fusion-content-layout-column\"><div class=\"fusion-text fusion-text-4\"><h2><strong>&nbsp; &nbsp; <\/strong><\/h2>\n<h2 style=\"text-align: center;\"><strong>TARIF DE GROUPE<\/strong><\/h2>\n<h2 style=\"text-align: center;\"><strong>\u20ac 5,00 <\/strong><\/h2>\n<h3 style=\"text-align: center;\"><strong>Pour plus de 20 personnes<\/strong><\/h3>\n<\/div><\/div><\/div><\/div><\/div><div class=\"fusion-fullwidth fullwidth-box fusion-builder-row-3 fusion-flex-container nonhundred-percent-fullwidth non-hundred-percent-height-scrolling\" style=\"--awb-border-radius-top-left:0px;--awb-border-radius-top-right:0px;--awb-border-radius-bottom-right:0px;--awb-border-radius-bottom-left:0px;--awb-flex-wrap:wrap;\" ><div class=\"fusion-builder-row fusion-row fusion-flex-align-items-flex-start fusion-flex-content-wrap\" style=\"max-width:1216.8px;margin-left: calc(-4% \/ 2 );margin-right: calc(-4% \/ 2 );\"><div class=\"fusion-layout-column fusion_builder_column fusion-builder-column-6 fusion_builder_column_1_1 1_1 fusion-flex-column\" style=\"--awb-bg-size:cover;--awb-width-large:100%;--awb-margin-top-large:0px;--awb-spacing-right-large:1.92%;--awb-margin-bottom-large:20px;--awb-spacing-left-large:1.92%;--awb-width-medium:100%;--awb-order-medium:0;--awb-spacing-right-medium:1.92%;--awb-spacing-left-medium:1.92%;--awb-width-small:100%;--awb-order-small:0;--awb-spacing-right-small:1.92%;--awb-spacing-left-small:1.92%;\"><div class=\"fusion-column-wrapper fusion-column-has-shadow fusion-flex-justify-content-flex-start fusion-content-layout-column\"><div class=\"fusion-text fusion-text-5\" style=\"--awb-line-height:5;\"><h2>&nbsp;<\/h2>\n<h2 style=\"text-align: center;\"><strong>Nous avons \u00e9galement des TARIFS SP\u00c9CIAUX&#8230; Contactez-nous pour plus d\u2019infos. <\/strong><\/h2>\n<\/div><div class=\"fusion-separator fusion-full-width-sep\" style=\"align-self: center;margin-left: auto;margin-right: auto;width:100%;\"><\/div><div class=\"fusion-separator fusion-full-width-sep\" style=\"align-self: center;margin-left: auto;margin-right: auto;width:100%;\"><\/div><div style=\"text-align:center;\"><a class=\"fusion-button button-3d fusion-button-default-size button-default fusion-button-default button-1 fusion-button-default-span fusion-button-default-type\" target=\"_self\" href=\"https:\/\/museodellecuriosita.sm\/contatti\/\"><span class=\"fusion-button-text awb-button__text awb-button__text--default\"><span style=\"font-weight: 400;\">CONTACTEZ-NOUS OU R\u00c9SERVEZ D\u00c8S MAINTENANT<\/span><\/span><\/a><\/div><\/div><\/div><\/div><\/div><\/p>\n","protected":false},"excerpt":{"rendered":"<p>&nbsp; L&rsquo; exposition permanente du Mus\u00e9e des curiosit\u00e9s s&rsquo; \u00e9tend sur une surface de 600 m\u00e8tres carr\u00e9s, sur trois \u00e9tages, et elle se trouve \u00e0 l&rsquo;int\u00e9rieur d&rsquo;un ancien b\u00e2timent dans le centre historique de Saint-Marin. Les personnages sont r\u00e9alis\u00e9s \u00e0 l&rsquo;\u00e9chelle r\u00e9elle et les objets, toutes des pi\u00e8ces uniques originales et souvent authentiques, repr\u00e9sentent une \u00e9volution des usages et des coutumes dans les diff\u00e9rentes soci\u00e9t\u00e9s au cours des \u00e9poques historiques. Le Mus\u00e9e a \u00e9t\u00e9 cr\u00e9\u00e9 pour satisfaire la curiosit\u00e9 de tout le monde, il convient aussi bien aux adultes qu&rsquo;aux enfants et aux jeunes adolescents. Ce mus\u00e9e est&nbsp; capable de  [&#8230;]<\/p>\n","protected":false},"author":2,"featured_media":0,"parent":0,"menu_order":0,"comment_status":"closed","ping_status":"open","template":"100-width.php","meta":{"footnotes":""},"class_list":["post-837","page","type-page","status-publish","hentry"],"_links":{"self":[{"href":"https:\/\/museodellecuriosita.sm\/fr\/wp-json\/wp\/v2\/pages\/837","targetHints":{"allow":["GET"]}}],"collection":[{"href":"https:\/\/museodellecuriosita.sm\/fr\/wp-json\/wp\/v2\/pages"}],"about":[{"href":"https:\/\/museodellecuriosita.sm\/fr\/wp-json\/wp\/v2\/types\/page"}],"author":[{"embeddable":true,"href":"https:\/\/museodellecuriosita.sm\/fr\/wp-json\/wp\/v2\/users\/2"}],"replies":[{"embeddable":true,"href":"https:\/\/museodellecuriosita.sm\/fr\/wp-json\/wp\/v2\/comments?post=837"}],"version-history":[{"count":87,"href":"https:\/\/museodellecuriosita.sm\/fr\/wp-json\/wp\/v2\/pages\/837\/revisions"}],"predecessor-version":[{"id":1760,"href":"https:\/\/museodellecuriosita.sm\/fr\/wp-json\/wp\/v2\/pages\/837\/revisions\/1760"}],"wp:attachment":[{"href":"https:\/\/museodellecuriosita.sm\/fr\/wp-json\/wp\/v2\/media?parent=837"}],"curies":[{"name":"wp","href":"https:\/\/api.w.org\/{rel}","templated":true}]}}